{"id":57,"date":"2017-08-25T18:00:06","date_gmt":"2017-08-25T18:00:06","guid":{"rendered":"http:\/\/miriadefilmes.com.br\/miriade\/?page_id=57"},"modified":"2023-12-01T10:19:53","modified_gmt":"2023-12-01T13:19:53","slug":"home","status":"publish","type":"page","link":"https:\/\/www.miriadefilmes.com.br\/en\/","title":{"rendered":"Home"},"content":{"rendered":"<div class=\"vc_row wpb_row vc_row-fluid vc_custom_1503684411515\"><div class=\"wpb_column vc_column_container vc_col-sm-12\"><div class=\"vc_column-inner\"><div class=\"wpb_wrapper\"><div class=\"edgtf-portfolio-list-holder edgtf-pl-gallery edgtf-pl-three-columns edgtf-pl-normal-space edgtf-pl-info-on-image-hover edgtf-pl-hover-slide-from-image-bottom\"  data-next-page=\"2\" data-type=\"gallery\" data-number-of-columns=\"3\" data-space-between-items=\"normal\" data-number-of-items=\"-1\" data-image-proportions=\"full\" data-category=\"filmes\" data-order-by=\"date\" data-order=\"DESC\" data-info-position=\"on-image-hover\" data-image-hover-type1=\"slide-from-image-bottom\" data-disable-title=\"no\" data-title-tag=\"h4\" data-disable-category=\"no\" data-disable-excerpt=\"yes\" data-excerpt-length=\"20\" data-show-load-more=\"no\" data-enable-infinite-scroll=\"no\" data-filter=\"no\" data-filter-order-by=\"name\" data-enable-article-animation=\"no\" data-enable-variable-width=\"no\" data-pagination=\"yes\" data-max-num-pages=\"0\"><div class=\"edgtf-pl-inner clearfix\"><article class=\"edgtf-pl-item  post-692 portfolio-item type-portfolio-item status-publish has-post-thumbnail hentry portfolio-category-filmes\">\n\t<div class=\"edgtf-pl-item-inner\">\n\t\t<div class=\"edgtf-pli-image\">\n\t\t\t\t\t\t\t<img loading=\"lazy\" decoding=\"async\" width=\"1056\" height=\"1493\" src=\"https:\/\/www.miriadefilmes.com.br\/wp-content\/uploads\/2023\/11\/cartaz-leopoldina-portugues.png\" class=\"attachment-full size-full wp-post-image\" alt=\"\" srcset=\"https:\/\/www.miriadefilmes.com.br\/wp-content\/uploads\/2023\/11\/cartaz-leopoldina-portugues.png 1056w, https:\/\/www.miriadefilmes.com.br\/wp-content\/uploads\/2023\/11\/cartaz-leopoldina-portugues-212x300.png 212w, https:\/\/www.miriadefilmes.com.br\/wp-content\/uploads\/2023\/11\/cartaz-leopoldina-portugues-768x1086.png 768w, https:\/\/www.miriadefilmes.com.br\/wp-content\/uploads\/2023\/11\/cartaz-leopoldina-portugues-1024x1448.png 1024w\" sizes=\"(max-width: 1056px) 100vw, 1056px\" \/>\t\t\t\t\t\t\t\t\t<\/div>\n\t\t\t\t\t<div class=\"edgtf-pli-text-holder\" >\n\t\t\t\t<div class=\"edgtf-pli-text-wrapper\">\n\t\t\t\t\t<div class=\"edgtf-pli-text\" >\n\t\t\t\t\t\t\t\t\t\t\t\t\t\t\t\t\t\t\t<h4 itemprop=\"name\" class=\"edgtf-pli-title entry-title\" >\n\t\t\t\t\t\t\t\tLeopoldina (Upcoming)\t\t\t\t\t\t\t<\/h4>\n\t\t\t\t\t\t\n\t\t\t\t\t\t<div class=\"edgtf-pli-category-holder\"><a itemprop=\"url\" class=\"edgtf-pli-category\" href=\"https:\/\/www.miriadefilmes.com.br\/en\/portfolio-category\/filmes\/\" >FILMS<\/a><\/div>\t\t\t\t\t\n\t\t\t\t\t\t\t\t\t\t\t\t\t\t\t\t\t<\/div>\n\t\t\t\t<\/div>\n\t\t\t<\/div>\n\t\t\t\t<a itemprop=\"url\" class=\"edgtf-pli-link\" href=\"https:\/\/www.miriadefilmes.com.br\/en\/portfolio-item\/leopoldina\/\" target=\"_self\"><\/a>\n\t<\/div>\n<\/article><article class=\"edgtf-pl-item  post-432 portfolio-item type-portfolio-item status-publish has-post-thumbnail hentry portfolio-category-filmes\">\n\t<div class=\"edgtf-pl-item-inner\">\n\t\t<div class=\"edgtf-pli-image\">\n\t\t\t\t\t\t\t<img loading=\"lazy\" decoding=\"async\" width=\"380\" height=\"570\" src=\"https:\/\/www.miriadefilmes.com.br\/wp-content\/uploads\/2020\/08\/IoioIaia-cartaz-Low-e1660422791372.jpg\" class=\"attachment-full size-full wp-post-image\" alt=\"\" srcset=\"https:\/\/www.miriadefilmes.com.br\/wp-content\/uploads\/2020\/08\/IoioIaia-cartaz-Low-e1660422791372.jpg 380w, https:\/\/www.miriadefilmes.com.br\/wp-content\/uploads\/2020\/08\/IoioIaia-cartaz-Low-e1660422791372-200x300.jpg 200w, https:\/\/www.miriadefilmes.com.br\/wp-content\/uploads\/2020\/08\/IoioIaia-cartaz-Low-e1660422791372-8x12.jpg 8w\" sizes=\"(max-width: 380px) 100vw, 380px\" \/>\t\t\t\t\t\t\t\t\t<\/div>\n\t\t\t\t\t<div class=\"edgtf-pli-text-holder\" >\n\t\t\t\t<div class=\"edgtf-pli-text-wrapper\">\n\t\t\t\t\t<div class=\"edgtf-pli-text\" >\n\t\t\t\t\t\t\t\t\t\t\t\t\t\t\t\t\t\t\t<h4 itemprop=\"name\" class=\"edgtf-pli-title entry-title\" >\n\t\t\t\t\t\t\t\tLOVE LESSONS (2020)\t\t\t\t\t\t\t<\/h4>\n\t\t\t\t\t\t\n\t\t\t\t\t\t<div class=\"edgtf-pli-category-holder\"><a itemprop=\"url\" class=\"edgtf-pli-category\" href=\"https:\/\/www.miriadefilmes.com.br\/en\/portfolio-category\/filmes\/\" >FILMS<\/a><\/div>\t\t\t\t\t\n\t\t\t\t\t\t\t\t\t\t\t\t\t\t\t\t\t<\/div>\n\t\t\t\t<\/div>\n\t\t\t<\/div>\n\t\t\t\t<a itemprop=\"url\" class=\"edgtf-pli-link\" href=\"https:\/\/www.miriadefilmes.com.br\/en\/portfolio-item\/ioio-de-iaia-2020\/\" target=\"_self\"><\/a>\n\t<\/div>\n<\/article><article class=\"edgtf-pl-item  post-132 portfolio-item type-portfolio-item status-publish has-post-thumbnail hentry portfolio-category-filmes\">\n\t<div class=\"edgtf-pl-item-inner\">\n\t\t<div class=\"edgtf-pli-image\">\n\t\t\t\t\t\t\t<img loading=\"lazy\" decoding=\"async\" width=\"380\" height=\"570\" src=\"https:\/\/www.miriadefilmes.com.br\/wp-content\/uploads\/2020\/05\/ENUS-cartaz_LOW-e1660422762209.jpg\" class=\"attachment-full size-full wp-post-image\" alt=\"\" srcset=\"https:\/\/www.miriadefilmes.com.br\/wp-content\/uploads\/2020\/05\/ENUS-cartaz_LOW-e1660422762209.jpg 380w, https:\/\/www.miriadefilmes.com.br\/wp-content\/uploads\/2020\/05\/ENUS-cartaz_LOW-e1660422762209-200x300.jpg 200w, https:\/\/www.miriadefilmes.com.br\/wp-content\/uploads\/2020\/05\/ENUS-cartaz_LOW-e1660422762209-8x12.jpg 8w\" sizes=\"(max-width: 380px) 100vw, 380px\" \/>\t\t\t\t\t\t\t\t\t<\/div>\n\t\t\t\t\t<div class=\"edgtf-pli-text-holder\" >\n\t\t\t\t<div class=\"edgtf-pli-text-wrapper\">\n\t\t\t\t\t<div class=\"edgtf-pli-text\" >\n\t\t\t\t\t\t\t\t\t\t\t\t\t\t\t\t\t\t\t<h4 itemprop=\"name\" class=\"edgtf-pli-title entry-title\" >\n\t\t\t\t\t\t\t\tBetween us, a secret (2020)\t\t\t\t\t\t\t<\/h4>\n\t\t\t\t\t\t\n\t\t\t\t\t\t<div class=\"edgtf-pli-category-holder\"><a itemprop=\"url\" class=\"edgtf-pli-category\" href=\"https:\/\/www.miriadefilmes.com.br\/en\/portfolio-category\/filmes\/\" >FILMS<\/a><\/div>\t\t\t\t\t\n\t\t\t\t\t\t\t\t\t\t\t\t\t\t\t\t\t<\/div>\n\t\t\t\t<\/div>\n\t\t\t<\/div>\n\t\t\t\t<a itemprop=\"url\" class=\"edgtf-pli-link\" href=\"https:\/\/www.miriadefilmes.com.br\/en\/portfolio-item\/entre-nos-um-segredo\/\" target=\"_self\"><\/a>\n\t<\/div>\n<\/article><article class=\"edgtf-pl-item  post-156 portfolio-item type-portfolio-item status-publish has-post-thumbnail hentry portfolio-category-filmes\">\n\t<div class=\"edgtf-pl-item-inner\">\n\t\t<div class=\"edgtf-pli-image\">\n\t\t\t\t\t\t\t<img loading=\"lazy\" decoding=\"async\" width=\"380\" height=\"558\" src=\"https:\/\/www.miriadefilmes.com.br\/wp-content\/uploads\/2020\/05\/osviznhos_LOW-e1660422738273.jpg\" class=\"attachment-full size-full wp-post-image\" alt=\"\" srcset=\"https:\/\/www.miriadefilmes.com.br\/wp-content\/uploads\/2020\/05\/osviznhos_LOW-e1660422738273.jpg 380w, https:\/\/www.miriadefilmes.com.br\/wp-content\/uploads\/2020\/05\/osviznhos_LOW-e1660422738273-204x300.jpg 204w, https:\/\/www.miriadefilmes.com.br\/wp-content\/uploads\/2020\/05\/osviznhos_LOW-e1660422738273-8x12.jpg 8w\" sizes=\"(max-width: 380px) 100vw, 380px\" \/>\t\t\t\t\t\t\t\t\t<\/div>\n\t\t\t\t\t<div class=\"edgtf-pli-text-holder\" >\n\t\t\t\t<div class=\"edgtf-pli-text-wrapper\">\n\t\t\t\t\t<div class=\"edgtf-pli-text\" >\n\t\t\t\t\t\t\t\t\t\t\t\t\t\t\t\t\t\t\t<h4 itemprop=\"name\" class=\"edgtf-pli-title entry-title\" >\n\t\t\t\t\t\t\t\tOlga's Family (2019)\t\t\t\t\t\t\t<\/h4>\n\t\t\t\t\t\t\n\t\t\t\t\t\t<div class=\"edgtf-pli-category-holder\"><a itemprop=\"url\" class=\"edgtf-pli-category\" href=\"https:\/\/www.miriadefilmes.com.br\/en\/portfolio-category\/filmes\/\" >FILMS<\/a><\/div>\t\t\t\t\t\n\t\t\t\t\t\t\t\t\t\t\t\t\t\t\t\t\t<\/div>\n\t\t\t\t<\/div>\n\t\t\t<\/div>\n\t\t\t\t<a itemprop=\"url\" class=\"edgtf-pli-link\" href=\"https:\/\/www.miriadefilmes.com.br\/en\/portfolio-item\/vizinhos-2019\/\" target=\"_self\"><\/a>\n\t<\/div>\n<\/article><article class=\"edgtf-pl-item  post-123 portfolio-item type-portfolio-item status-publish has-post-thumbnail hentry portfolio-category-filmes\">\n\t<div class=\"edgtf-pl-item-inner\">\n\t\t<div class=\"edgtf-pli-image\">\n\t\t\t\t\t\t\t<img loading=\"lazy\" decoding=\"async\" width=\"380\" height=\"558\" src=\"https:\/\/www.miriadefilmes.com.br\/wp-content\/uploads\/2018\/02\/losSilencios-03-2011_LOW-e1660422701820.jpg\" class=\"attachment-full size-full wp-post-image\" alt=\"\" srcset=\"https:\/\/www.miriadefilmes.com.br\/wp-content\/uploads\/2018\/02\/losSilencios-03-2011_LOW-e1660422701820.jpg 380w, https:\/\/www.miriadefilmes.com.br\/wp-content\/uploads\/2018\/02\/losSilencios-03-2011_LOW-e1660422701820-204x300.jpg 204w, https:\/\/www.miriadefilmes.com.br\/wp-content\/uploads\/2018\/02\/losSilencios-03-2011_LOW-e1660422701820-8x12.jpg 8w\" sizes=\"(max-width: 380px) 100vw, 380px\" \/>\t\t\t\t\t\t\t\t\t<\/div>\n\t\t\t\t\t<div class=\"edgtf-pli-text-holder\" >\n\t\t\t\t<div class=\"edgtf-pli-text-wrapper\">\n\t\t\t\t\t<div class=\"edgtf-pli-text\" >\n\t\t\t\t\t\t\t\t\t\t\t\t\t\t\t\t\t\t\t<h4 itemprop=\"name\" class=\"edgtf-pli-title entry-title\" >\n\t\t\t\t\t\t\t\tLos Silencios (2018)\t\t\t\t\t\t\t<\/h4>\n\t\t\t\t\t\t\n\t\t\t\t\t\t<div class=\"edgtf-pli-category-holder\"><a itemprop=\"url\" class=\"edgtf-pli-category\" href=\"https:\/\/www.miriadefilmes.com.br\/en\/portfolio-category\/filmes\/\" >FILMS<\/a><\/div>\t\t\t\t\t\n\t\t\t\t\t\t\t\t\t\t\t\t\t\t\t\t\t<\/div>\n\t\t\t\t<\/div>\n\t\t\t<\/div>\n\t\t\t\t<a itemprop=\"url\" class=\"edgtf-pli-link\" href=\"https:\/\/www.miriadefilmes.com.br\/en\/portfolio-item\/los-silencios\/\" target=\"_self\"><\/a>\n\t<\/div>\n<\/article><article class=\"edgtf-pl-item  post-107 portfolio-item type-portfolio-item status-publish has-post-thumbnail hentry portfolio-category-filmes\">\n\t<div class=\"edgtf-pl-item-inner\">\n\t\t<div class=\"edgtf-pli-image\">\n\t\t\t\t\t\t\t<img loading=\"lazy\" decoding=\"async\" width=\"380\" height=\"558\" src=\"https:\/\/www.miriadefilmes.com.br\/wp-content\/uploads\/2018\/02\/Bolly-Poster-Final2-03-2011_LOW-e1660422572191.jpg\" class=\"attachment-full size-full wp-post-image\" alt=\"\" srcset=\"https:\/\/www.miriadefilmes.com.br\/wp-content\/uploads\/2018\/02\/Bolly-Poster-Final2-03-2011_LOW-e1660422572191.jpg 380w, https:\/\/www.miriadefilmes.com.br\/wp-content\/uploads\/2018\/02\/Bolly-Poster-Final2-03-2011_LOW-e1660422572191-204x300.jpg 204w, https:\/\/www.miriadefilmes.com.br\/wp-content\/uploads\/2018\/02\/Bolly-Poster-Final2-03-2011_LOW-e1660422572191-8x12.jpg 8w\" sizes=\"(max-width: 380px) 100vw, 380px\" \/>\t\t\t\t\t\t\t\t\t<\/div>\n\t\t\t\t\t<div class=\"edgtf-pli-text-holder\" >\n\t\t\t\t<div class=\"edgtf-pli-text-wrapper\">\n\t\t\t\t\t<div class=\"edgtf-pli-text\" >\n\t\t\t\t\t\t\t\t\t\t\t\t\t\t\t\t\t\t\t<h4 itemprop=\"name\" class=\"edgtf-pli-title entry-title\" >\n\t\t\t\t\t\t\t\tBollywood Dream (2010)\t\t\t\t\t\t\t<\/h4>\n\t\t\t\t\t\t\n\t\t\t\t\t\t<div class=\"edgtf-pli-category-holder\"><a itemprop=\"url\" class=\"edgtf-pli-category\" href=\"https:\/\/www.miriadefilmes.com.br\/en\/portfolio-category\/filmes\/\" >FILMS<\/a><\/div>\t\t\t\t\t\n\t\t\t\t\t\t\t\t\t\t\t\t\t\t\t\t\t<\/div>\n\t\t\t\t<\/div>\n\t\t\t<\/div>\n\t\t\t\t<a itemprop=\"url\" class=\"edgtf-pli-link\" href=\"https:\/\/www.miriadefilmes.com.br\/en\/portfolio-item\/bollywood-dream\/\" target=\"_self\"><\/a>\n\t<\/div>\n<\/article><\/div><\/div><\/div><\/div><\/div><\/div>","protected":false},"excerpt":{"rendered":"Sinopse\u00a0 Tr\u00eas atrizes brasileiras decidem tentar a sorte em Bollywood, ind\u00fastria cinematogr\u00e1fica da \u00cdndia, mas uma vez inseridas no cora\u00e7\u00e3o da cultura e mitologia indiana, seus sonhos se modificam no contraste entre o oriente e o ocidente, o ancestral e o novo, entre os valores [...]","protected":false},"author":5,"featured_media":0,"parent":0,"menu_order":0,"comment_status":"closed","ping_status":"closed","template":"","meta":{"inline_featured_image":false,"footnotes":""},"_links":{"self":[{"href":"https:\/\/www.miriadefilmes.com.br\/en\/wp-json\/wp\/v2\/pages\/57"}],"collection":[{"href":"https:\/\/www.miriadefilmes.com.br\/en\/wp-json\/wp\/v2\/pages"}],"about":[{"href":"https:\/\/www.miriadefilmes.com.br\/en\/wp-json\/wp\/v2\/types\/page"}],"author":[{"embeddable":true,"href":"https:\/\/www.miriadefilmes.com.br\/en\/wp-json\/wp\/v2\/users\/5"}],"replies":[{"embeddable":true,"href":"https:\/\/www.miriadefilmes.com.br\/en\/wp-json\/wp\/v2\/comments?post=57"}],"version-history":[{"count":2,"href":"https:\/\/www.miriadefilmes.com.br\/en\/wp-json\/wp\/v2\/pages\/57\/revisions"}],"predecessor-version":[{"id":715,"href":"https:\/\/www.miriadefilmes.com.br\/en\/wp-json\/wp\/v2\/pages\/57\/revisions\/715"}],"wp:attachment":[{"href":"https:\/\/www.miriadefilmes.com.br\/en\/wp-json\/wp\/v2\/media?parent=57"}],"curies":[{"name":"wp","href":"https:\/\/api.w.org\/{rel}","templated":true}]}}